{"id":727,"date":"2026-01-22T23:02:08","date_gmt":"2026-01-22T23:02:08","guid":{"rendered":"https:\/\/verena-guenther.de\/?page_id=727"},"modified":"2026-01-23T09:14:42","modified_gmt":"2026-01-23T09:14:42","slug":"elementor-727","status":"publish","type":"page","link":"https:\/\/verena-guenther.de\/?page_id=727","title":{"rendered":"Impressum"},"content":{"rendered":"\t\t<div data-elementor-type=\"wp-page\" data-elementor-id=\"727\" class=\"elementor elementor-727\">\n\t\t\t\t<div class=\"elementor-element elementor-element-7e338a6 e-flex e-con-boxed e-con e-parent\" data-id=\"7e338a6\" data-element_type=\"container\">\n\t\t\t\t\t<div class=\"e-con-inner\">\n\t\t\t\t<div class=\"elementor-element elementor-element-3407688 elementor-widget elementor-widget-heading\" data-id=\"3407688\" data-element_type=\"widget\" data-widget_type=\"heading.default\">\n\t\t\t\t<div class=\"elementor-widget-container\">\n\t\t\t<style>\/*! elementor - v3.22.0 - 26-06-2024 *\/\n.elementor-heading-title{padding:0;margin:0;line-height:1}.elementor-widget-heading .elementor-heading-title[class*=elementor-size-]>a{color:inherit;font-size:inherit;line-height:inherit}.elementor-widget-heading .elementor-heading-title.elementor-size-small{font-size:15px}.elementor-widget-heading .elementor-heading-title.elementor-size-medium{font-size:19px}.elementor-widget-heading .elementor-heading-title.elementor-size-large{font-size:29px}.elementor-widget-heading .elementor-heading-title.elementor-size-xl{font-size:39px}.elementor-widget-heading .elementor-heading-title.elementor-size-xxl{font-size:59px}<\/style><h2 class=\"elementor-heading-title elementor-size-default\">Impressum<\/h2>\t\t<\/div>\n\t\t\t\t<\/div>\n\t\t\t\t<div class=\"elementor-element elementor-element-088a5c5 elementor-widget elementor-widget-text-editor\" data-id=\"088a5c5\" data-element_type=\"widget\" data-widget_type=\"text-editor.default\">\n\t\t\t\t<div class=\"elementor-widget-container\">\n\t\t\t<style>\/*! elementor - v3.22.0 - 26-06-2024 *\/\n.elementor-widget-text-editor.elementor-drop-cap-view-stacked .elementor-drop-cap{background-color:#69727d;color:#fff}.elementor-widget-text-editor.elementor-drop-cap-view-framed .elementor-drop-cap{color:#69727d;border:3px solid;background-color:transparent}.elementor-widget-text-editor:not(.elementor-drop-cap-view-default) .elementor-drop-cap{margin-top:8px}.elementor-widget-text-editor:not(.elementor-drop-cap-view-default) .elementor-drop-cap-letter{width:1em;height:1em}.elementor-widget-text-editor .elementor-drop-cap{float:left;text-align:center;line-height:1;font-size:50px}.elementor-widget-text-editor .elementor-drop-cap-letter{display:inline-block}<\/style>\t\t\t\t<p data-start=\"245\" data-end=\"270\">Angaben gem\u00e4\u00df \u00a7 5 TMG<\/p><p data-start=\"245\" data-end=\"270\">Verena G\u00fcnther<br \/>Blumenstr. 25<br \/>70794 Filderstadt<br \/>Deutschland<\/p><p data-start=\"365\" data-end=\"430\">Kontakt: kontakt@verena-guenther.de<\/p><p data-start=\"432\" data-end=\"493\">Rechtsform:\u00a0Freiberuflerin<\/p><h3 data-start=\"638\" data-end=\"661\">\u00a0<\/h3><h4 data-start=\"638\" data-end=\"661\">Haftung f\u00fcr Inhalte<\/h4><p data-start=\"662\" data-end=\"1155\">Als Diensteanbieterin bin ich gem\u00e4\u00df \u00a7 7 Abs.1 TMG f\u00fcr eigene Inhalte auf diesen Seiten nach den allgemeinen Gesetzen verantwortlich.<br data-start=\"794\" data-end=\"797\" \/>Nach \u00a7\u00a7 8 bis 10 TMG bin ich als Diensteanbieterin jedoch nicht verpflichtet, \u00fcbermittelte oder gespeicherte fremde Informationen zu \u00fcberwachen oder nach Umst\u00e4nden zu forschen, die auf eine rechtswidrige T\u00e4tigkeit hinweisen.<br data-start=\"1021\" data-end=\"1024\" \/>Verpflichtungen zur Entfernung oder Sperrung der Nutzung von Informationen nach den allgemeinen Gesetzen bleiben hiervon unber\u00fchrt.<\/p><hr data-start=\"1157\" data-end=\"1160\" \/><h4 data-start=\"1162\" data-end=\"1183\">Haftung f\u00fcr Links<\/h4><p data-start=\"1184\" data-end=\"1476\">Diese Website enth\u00e4lt ggf. Links zu externen Websites Dritter, auf deren Inhalte ich keinen Einfluss habe.<br data-start=\"1290\" data-end=\"1293\" \/>F\u00fcr diese fremden Inhalte kann daher keine Gew\u00e4hr \u00fcbernommen werden.<br data-start=\"1361\" data-end=\"1364\" \/>F\u00fcr die Inhalte der verlinkten Seiten ist stets der jeweilige Anbieter oder Betreiber der Seiten verantwortlich.<\/p><hr data-start=\"1478\" data-end=\"1481\" \/><h4 data-start=\"1483\" data-end=\"1499\">Urheberrecht<\/h4><p data-start=\"1500\" data-end=\"1798\">Die durch die Seitenbetreiberin erstellten Inhalte und Werke auf diesen Seiten unterliegen dem deutschen Urheberrecht.<br data-start=\"1618\" data-end=\"1621\" \/>Die Vervielf\u00e4ltigung, Bearbeitung, Verbreitung und jede Art der Verwertung au\u00dferhalb der Grenzen des Urheberrechtes bed\u00fcrfen der schriftlichen Zustimmung der jeweiligen Autorin.<\/p><hr data-start=\"1800\" data-end=\"1803\" \/><h4 data-start=\"1805\" data-end=\"1836\">Hinweis zu meinen Angeboten<\/h4><p data-start=\"1837\" data-end=\"2031\">Meine Seminare und Beratungen dienen der pers\u00f6nlichen Entwicklung und der Unterst\u00fctzung im Familienalltag.<br data-start=\"1943\" data-end=\"1946\" \/>Sie ersetzen keine medizinische, psychotherapeutische oder psychiatrische Behandlung.<\/p>\t\t\t\t\t\t<\/div>\n\t\t\t\t<\/div>\n\t\t\t\t\t<\/div>\n\t\t\t\t<\/div>\n\t\t\t\t<\/div>\n\t\t","protected":false},"excerpt":{"rendered":"<p>Impressum Angaben gem\u00e4\u00df \u00a7 5 TMG Verena G\u00fcntherBlumenstr. 2570794 FilderstadtDeutschland Kontakt: kontakt@verena-guenther.de Rechtsform:\u00a0Freiberuflerin \u00a0 Haftung f\u00fcr Inhalte Als Diensteanbieterin bin ich gem\u00e4\u00df \u00a7 7 Abs.1 TMG f\u00fcr eigene Inhalte auf diesen Seiten nach den allgemeinen Gesetzen verantwortlich.Nach \u00a7\u00a7 8 bis 10 TMG bin ich als Diensteanbieterin jedoch nicht verpflichtet, \u00fcbermittelte oder gespeicherte fremde Informationen zu [&hellip;]<\/p>\n","protected":false},"author":1,"featured_media":0,"parent":0,"menu_order":0,"comment_status":"closed","ping_status":"closed","template":"","meta":{"footnotes":""},"class_list":["post-727","page","type-page","status-publish","hentry"],"_links":{"self":[{"href":"https:\/\/verena-guenther.de\/index.php?rest_route=\/wp\/v2\/pages\/727","targetHints":{"allow":["GET"]}}],"collection":[{"href":"https:\/\/verena-guenther.de\/index.php?rest_route=\/wp\/v2\/pages"}],"about":[{"href":"https:\/\/verena-guenther.de\/index.php?rest_route=\/wp\/v2\/types\/page"}],"author":[{"embeddable":true,"href":"https:\/\/verena-guenther.de\/index.php?rest_route=\/wp\/v2\/users\/1"}],"replies":[{"embeddable":true,"href":"https:\/\/verena-guenther.de\/index.php?rest_route=%2Fwp%2Fv2%2Fcomments&post=727"}],"version-history":[{"count":10,"href":"https:\/\/verena-guenther.de\/index.php?rest_route=\/wp\/v2\/pages\/727\/revisions"}],"predecessor-version":[{"id":764,"href":"https:\/\/verena-guenther.de\/index.php?rest_route=\/wp\/v2\/pages\/727\/revisions\/764"}],"wp:attachment":[{"href":"https:\/\/verena-guenther.de\/index.php?rest_route=%2Fwp%2Fv2%2Fmedia&parent=727"}],"curies":[{"name":"wp","href":"https:\/\/api.w.org\/{rel}","templated":true}]}}