{"id":60,"date":"2024-02-06T22:07:20","date_gmt":"2024-02-06T22:07:20","guid":{"rendered":"http:\/\/verena-guenther.de\/?page_id=60"},"modified":"2026-01-05T23:11:24","modified_gmt":"2026-01-05T23:11:24","slug":"tools","status":"publish","type":"page","link":"https:\/\/verena-guenther.de\/?page_id=60","title":{"rendered":"Friedensstock"},"content":{"rendered":"\t\t<div data-elementor-type=\"wp-page\" data-elementor-id=\"60\" class=\"elementor elementor-60\">\n\t\t\t\t<div class=\"elementor-element elementor-element-371977d e-flex e-con-boxed e-con e-parent\" data-id=\"371977d\" data-element_type=\"container\">\n\t\t\t\t\t<div class=\"e-con-inner\">\n\t\t<div class=\"elementor-element elementor-element-31d0b39 e-con-full e-flex e-con e-child\" data-id=\"31d0b39\" data-element_type=\"container\">\n\t\t\t\t<div class=\"elementor-element elementor-element-036eb00 elementor-widget elementor-widget-heading\" data-id=\"036eb00\" data-element_type=\"widget\" data-widget_type=\"heading.default\">\n\t\t\t\t<div class=\"elementor-widget-container\">\n\t\t\t<style>\/*! elementor - v3.22.0 - 26-06-2024 *\/\n.elementor-heading-title{padding:0;margin:0;line-height:1}.elementor-widget-heading .elementor-heading-title[class*=elementor-size-]>a{color:inherit;font-size:inherit;line-height:inherit}.elementor-widget-heading .elementor-heading-title.elementor-size-small{font-size:15px}.elementor-widget-heading .elementor-heading-title.elementor-size-medium{font-size:19px}.elementor-widget-heading .elementor-heading-title.elementor-size-large{font-size:29px}.elementor-widget-heading .elementor-heading-title.elementor-size-xl{font-size:39px}.elementor-widget-heading .elementor-heading-title.elementor-size-xxl{font-size:59px}<\/style><h2 class=\"elementor-heading-title elementor-size-default\">Der Friedensstock <br>- das Tool f\u00fcr Verbindung!<\/h2>\t\t<\/div>\n\t\t\t\t<\/div>\n\t\t\t\t<div class=\"elementor-element elementor-element-c2ec764 elementor-widget elementor-widget-text-editor\" data-id=\"c2ec764\" data-element_type=\"widget\" data-widget_type=\"text-editor.default\">\n\t\t\t\t<div class=\"elementor-widget-container\">\n\t\t\t<style>\/*! elementor - v3.22.0 - 26-06-2024 *\/\n.elementor-widget-text-editor.elementor-drop-cap-view-stacked .elementor-drop-cap{background-color:#69727d;color:#fff}.elementor-widget-text-editor.elementor-drop-cap-view-framed .elementor-drop-cap{color:#69727d;border:3px solid;background-color:transparent}.elementor-widget-text-editor:not(.elementor-drop-cap-view-default) .elementor-drop-cap{margin-top:8px}.elementor-widget-text-editor:not(.elementor-drop-cap-view-default) .elementor-drop-cap-letter{width:1em;height:1em}.elementor-widget-text-editor .elementor-drop-cap{float:left;text-align:center;line-height:1;font-size:50px}.elementor-widget-text-editor .elementor-drop-cap-letter{display:inline-block}<\/style>\t\t\t\t<p style=\"color: #282828; font-family: Inter, sans-serif; font-size: 17px;\">Der Friedensstock ist ein wundervolles Tool, um in Konfliktsituationen achtsamer und liebevoller mit Kindern umzugehen und um mit ihnen in Verbindung zu kommen.<br \/>Er basiert auf der Gewaltfreien Kommunikation nach Marshall. B. Rosenberg, der vier Schritte (Wahrnehmung, Gef\u00fchl, Bed\u00fcrfnis und Bitte) als hilfreiche Steps f\u00fcr gegeneitiges Verst\u00e4ndnis herausgefunden hat. Zus\u00e4tzlich zu diesen, gibt es auf dem Friedensstock noch den f\u00fcnften Schritt: das Feiern! Das Feiern macht den Kindern Freude und sie verkn\u00fcpfen Konflikte mit einem positiven Ende.<\/p><p style=\"color: #282828; font-family: Inter, sans-serif; font-size: 17px;\">Der Friedensstock eignet sich besonders f\u00fcr den Umgang mit Kindern in der Familie, in der Grundschule oder im Kindergarten.\u00a0<\/p><p style=\"color: #282828; font-family: Inter, sans-serif; font-size: 17px;\">Der Friedensstock dient als Leitfaden und Anker, um die vier Schritte der GfK mit Kindern zu leben. Das Zur\u00fcckfallen in alte Muster, wie z.B. Bewerten oder Bestrafen wird unwahrscheinlicher.<\/p><p style=\"color: #282828; font-family: Inter, sans-serif; font-size: 17px;\">Dar\u00fcber hinaus dient der Friedensstock als wirksames Mittel, um aus gewohnten Reiz-Reaktionsmustern herauszukommen und neue sinnvollere Wege zu gehen, die zu mehr Verst\u00e4ndnis und Verbindung f\u00fchren.<\/p><p style=\"color: #282828; font-family: Inter, sans-serif; font-size: 17px;\">Wie ihr den Friedensstock einsetzen k\u00f6nnt, zeige ich Euch in meinen Workshops und Seminaren. Meldet Euch dazu gerne bei mir.<\/p>\t\t\t\t\t\t<\/div>\n\t\t\t\t<\/div>\n\t\t<div class=\"elementor-element elementor-element-4af5c97 e-con-full e-flex e-con e-child\" data-id=\"4af5c97\" data-element_type=\"container\">\n\t\t\t\t<div class=\"elementor-element elementor-element-06c4792 elementor-button-info elementor-widget elementor-widget-button\" data-id=\"06c4792\" data-element_type=\"widget\" data-widget_type=\"button.default\">\n\t\t\t\t<div class=\"elementor-widget-container\">\n\t\t\t\t\t<div class=\"elementor-button-wrapper\">\n\t\t\t<a class=\"elementor-button elementor-button-link elementor-size-sm\" href=\"https:\/\/www.digistore24.com\/redir\/233807\/VG_GFK\/CAMPAIGNKEY\">\n\t\t\t\t\t\t<span class=\"elementor-button-content-wrapper\">\n\t\t\t\t\t\t\t\t\t<span class=\"elementor-button-text\">weitere Informationen und Bestellm\u00f6glichkeit<\/span>\n\t\t\t\t\t<\/span>\n\t\t\t\t\t<\/a>\n\t\t<\/div>\n\t\t\t\t<\/div>\n\t\t\t\t<\/div>\n\t\t\t\t<\/div>\n\t\t\t\t<\/div>\n\t\t<div class=\"elementor-element elementor-element-f594ebe e-con-full e-flex e-con e-child\" data-id=\"f594ebe\" data-element_type=\"container\">\n\t\t\t\t<div class=\"elementor-element elementor-element-a2f24c5 elementor-widget elementor-widget-image\" data-id=\"a2f24c5\" data-element_type=\"widget\" data-widget_type=\"image.default\">\n\t\t\t\t<div class=\"elementor-widget-container\">\n\t\t\t<style>\/*! elementor - v3.22.0 - 26-06-2024 *\/\n.elementor-widget-image{text-align:center}.elementor-widget-image a{display:inline-block}.elementor-widget-image a img[src$=\".svg\"]{width:48px}.elementor-widget-image img{vertical-align:middle;display:inline-block}<\/style>\t\t\t\t\t\t\t\t\t\t<img fetchpriority=\"high\" decoding=\"async\" width=\"640\" height=\"1024\" src=\"https:\/\/verena-guenther.de\/wp-content\/uploads\/2024\/02\/friedensstock_freigestellt_21x33cm-640x1024.jpg\" class=\"attachment-large size-large wp-image-63\" alt=\"\" srcset=\"https:\/\/verena-guenther.de\/wp-content\/uploads\/2024\/02\/friedensstock_freigestellt_21x33cm-640x1024.jpg 640w, https:\/\/verena-guenther.de\/wp-content\/uploads\/2024\/02\/friedensstock_freigestellt_21x33cm-187x300.jpg 187w, https:\/\/verena-guenther.de\/wp-content\/uploads\/2024\/02\/friedensstock_freigestellt_21x33cm-768x1229.jpg 768w, https:\/\/verena-guenther.de\/wp-content\/uploads\/2024\/02\/friedensstock_freigestellt_21x33cm-960x1536.jpg 960w, https:\/\/verena-guenther.de\/wp-content\/uploads\/2024\/02\/friedensstock_freigestellt_21x33cm-1280x2048.jpg 1280w, https:\/\/verena-guenther.de\/wp-content\/uploads\/2024\/02\/friedensstock_freigestellt_21x33cm-scaled.jpg 1600w\" sizes=\"(max-width: 640px) 100vw, 640px\" \/>\t\t\t\t\t\t\t\t\t\t\t\t\t<\/div>\n\t\t\t\t<\/div>\n\t\t\t\t<\/div>\n\t\t\t\t\t<\/div>\n\t\t\t\t<\/div>\n\t\t\t\t<\/div>\n\t\t","protected":false},"excerpt":{"rendered":"<p>Der Friedensstock &#8211; das Tool f\u00fcr Verbindung! Der Friedensstock ist ein wundervolles Tool, um in Konfliktsituationen achtsamer und liebevoller mit Kindern umzugehen und um mit ihnen in Verbindung zu kommen.Er basiert auf der Gewaltfreien Kommunikation nach Marshall. B. Rosenberg, der vier Schritte (Wahrnehmung, Gef\u00fchl, Bed\u00fcrfnis und Bitte) als hilfreiche Steps f\u00fcr gegeneitiges Verst\u00e4ndnis herausgefunden hat. [&hellip;]<\/p>\n","protected":false},"author":1,"featured_media":0,"parent":0,"menu_order":2,"comment_status":"closed","ping_status":"closed","template":"","meta":{"footnotes":""},"class_list":["post-60","page","type-page","status-publish","hentry"],"_links":{"self":[{"href":"https:\/\/verena-guenther.de\/index.php?rest_route=\/wp\/v2\/pages\/60","targetHints":{"allow":["GET"]}}],"collection":[{"href":"https:\/\/verena-guenther.de\/index.php?rest_route=\/wp\/v2\/pages"}],"about":[{"href":"https:\/\/verena-guenther.de\/index.php?rest_route=\/wp\/v2\/types\/page"}],"author":[{"embeddable":true,"href":"https:\/\/verena-guenther.de\/index.php?rest_route=\/wp\/v2\/users\/1"}],"replies":[{"embeddable":true,"href":"https:\/\/verena-guenther.de\/index.php?rest_route=%2Fwp%2Fv2%2Fcomments&post=60"}],"version-history":[{"count":17,"href":"https:\/\/verena-guenther.de\/index.php?rest_route=\/wp\/v2\/pages\/60\/revisions"}],"predecessor-version":[{"id":689,"href":"https:\/\/verena-guenther.de\/index.php?rest_route=\/wp\/v2\/pages\/60\/revisions\/689"}],"wp:attachment":[{"href":"https:\/\/verena-guenther.de\/index.php?rest_route=%2Fwp%2Fv2%2Fmedia&parent=60"}],"curies":[{"name":"wp","href":"https:\/\/api.w.org\/{rel}","templated":true}]}}