{"id":441,"date":"2025-12-21T22:14:42","date_gmt":"2025-12-21T22:14:42","guid":{"rendered":"https:\/\/verena-guenther.de\/?page_id=441"},"modified":"2026-03-28T21:35:47","modified_gmt":"2026-03-28T21:35:47","slug":"aware-parenting","status":"publish","type":"page","link":"https:\/\/verena-guenther.de\/?page_id=441","title":{"rendered":"Aware Parenting"},"content":{"rendered":"\t\t<div data-elementor-type=\"wp-page\" data-elementor-id=\"441\" class=\"elementor elementor-441\">\n\t\t\t\t<div class=\"elementor-element elementor-element-5e009c7 e-flex e-con-boxed e-con e-parent\" data-id=\"5e009c7\" data-element_type=\"container\">\n\t\t\t\t\t<div class=\"e-con-inner\">\n\t\t\t\t<div class=\"elementor-element elementor-element-74d3623 elementor-widget elementor-widget-heading\" data-id=\"74d3623\" data-element_type=\"widget\" data-widget_type=\"heading.default\">\n\t\t\t\t<div class=\"elementor-widget-container\">\n\t\t\t<style>\/*! elementor - v3.22.0 - 26-06-2024 *\/\n.elementor-heading-title{padding:0;margin:0;line-height:1}.elementor-widget-heading .elementor-heading-title[class*=elementor-size-]>a{color:inherit;font-size:inherit;line-height:inherit}.elementor-widget-heading .elementor-heading-title.elementor-size-small{font-size:15px}.elementor-widget-heading .elementor-heading-title.elementor-size-medium{font-size:19px}.elementor-widget-heading .elementor-heading-title.elementor-size-large{font-size:29px}.elementor-widget-heading .elementor-heading-title.elementor-size-xl{font-size:39px}.elementor-widget-heading .elementor-heading-title.elementor-size-xxl{font-size:59px}<\/style><h2 class=\"elementor-heading-title elementor-size-default\">Aware Parenting nach Dr. Aletha Solter<\/h2>\t\t<\/div>\n\t\t\t\t<\/div>\n\t\t\t\t<div class=\"elementor-element elementor-element-afdb320 elementor-widget elementor-widget-heading\" data-id=\"afdb320\" data-element_type=\"widget\" data-widget_type=\"heading.default\">\n\t\t\t\t<div class=\"elementor-widget-container\">\n\t\t\t<h5 class=\"elementor-heading-title elementor-size-default\">(Ver-)Bindungsorientierte und traumasensible Begleitung von Kindern und Jugendlichen<\/h5>\t\t<\/div>\n\t\t\t\t<\/div>\n\t\t\t\t<div class=\"elementor-element elementor-element-efbfe86 elementor-widget elementor-widget-text-editor\" data-id=\"efbfe86\" data-element_type=\"widget\" data-widget_type=\"text-editor.default\">\n\t\t\t\t<div class=\"elementor-widget-container\">\n\t\t\t<style>\/*! elementor - v3.22.0 - 26-06-2024 *\/\n.elementor-widget-text-editor.elementor-drop-cap-view-stacked .elementor-drop-cap{background-color:#69727d;color:#fff}.elementor-widget-text-editor.elementor-drop-cap-view-framed .elementor-drop-cap{color:#69727d;border:3px solid;background-color:transparent}.elementor-widget-text-editor:not(.elementor-drop-cap-view-default) .elementor-drop-cap{margin-top:8px}.elementor-widget-text-editor:not(.elementor-drop-cap-view-default) .elementor-drop-cap-letter{width:1em;height:1em}.elementor-widget-text-editor .elementor-drop-cap{float:left;text-align:center;line-height:1;font-size:50px}.elementor-widget-text-editor .elementor-drop-cap-letter{display:inline-block}<\/style>\t\t\t\t<p><span style=\"color: #333333;\">Das Wissen und die Praxis des <strong>Aware Parentings <\/strong>nach Dr. Aletha Solter hat mich in meiner 3. Schwangerschaft erreicht und mir nochmal ein tieferes Verst\u00e4ndnis f\u00fcr die Bed\u00fcrfnisse der Kinder und auch von uns Erwachsenen gebracht. Es ist eine Haltung, die nicht an den Kindern ansetzt, sondern bei den Eltern. Das Aware Parenting hat neben viel Verst\u00e4ndnis vor allem auch ganz viel Leichtigkeit, Spa\u00df und Verbindung in unsere Familie gebracht.<\/span><\/p><p><span style=\"color: #333333;\">Dieser bindungs- und bed\u00fcrfnisorientierte Ansatz besteht folgenden S\u00e4ulen:<\/span><\/p><ul><li><span style=\"color: #333333;\"><strong><strong>Stressentlastung<\/strong> und Traumaverarbeitung durch <strong>Lachen, Weinen und W\u00fcten:<\/strong><br \/>Stress und Trauma werden als wesentliche Gr\u00fcnde f\u00fcr emotionale Probleme und Verhalten, das von anderen oft als &#8217;schwierig&#8216; bezeichnet wird. Kinder (sowie auch Erwachsene) entlasten von Stress und bew\u00e4ltigen Traumata durch ausgiebiges Lachen und begleitetes Weinen und W\u00fcten. <\/strong><\/span><\/li><\/ul><ul><li><span style=\"color: #333333;\">Spielend in Verbindung mit den <strong>Bindungsspielen<\/strong>:<\/span><br \/><span style=\"color: #333333;\">Durch die 9 Arten von Bindungsspielen, mit denen wir Eltern spielend mit unseren Kindern in Verbindung kommen, tauchen wir ein in die Welt und Sprache der Kinder. Denn neben der Verbindung, die durch das Spielen entsteht, verarbeiten Kinder ihr Erlebtes im Spiel sowie im Lachen und Weinen.<\/span><\/li><\/ul><ul><li><span style=\"color: #333333;\">Begleiten von Kindern ohne <strong>Belohnung und Bestrafung<\/strong><\/span><\/li><\/ul><ul><li><span style=\"color: #333333;\"><span style=\"color: #333333;\"><strong>einf\u00fchlsames Zuh\u00f6ren<\/strong>:Dasein und Verstehen kann so vieles halten und heilen.<\/span><\/span><p>\u00a0<\/p><\/li><\/ul><p><span style=\"color: #333333;\">2024 hat mich Anke Eyrich zur Aware Parenting Familienberaterin ausgebildet und ich freue mich, diese liebevolle Haltung und das wertvolle Wissen an Eltern im Seminar oder in meinen Beratungen weiterzugeben.<\/span><\/p><p>\u00a0<\/p>\t\t\t\t\t\t<\/div>\n\t\t\t\t<\/div>\n\t\t\t\t\t<\/div>\n\t\t\t\t<\/div>\n\t\t<div class=\"elementor-element elementor-element-5854892 e-flex e-con-boxed e-con e-parent\" data-id=\"5854892\" data-element_type=\"container\">\n\t\t\t\t\t<div class=\"e-con-inner\">\n\t\t\t\t<div class=\"elementor-element elementor-element-196b1c2 elementor-widget elementor-widget-image\" data-id=\"196b1c2\" data-element_type=\"widget\" data-widget_type=\"image.default\">\n\t\t\t\t<div class=\"elementor-widget-container\">\n\t\t\t<style>\/*! elementor - v3.22.0 - 26-06-2024 *\/\n.elementor-widget-image{text-align:center}.elementor-widget-image a{display:inline-block}.elementor-widget-image a img[src$=\".svg\"]{width:48px}.elementor-widget-image img{vertical-align:middle;display:inline-block}<\/style>\t\t\t\t\t\t\t\t\t\t<img fetchpriority=\"high\" decoding=\"async\" width=\"200\" height=\"300\" src=\"https:\/\/verena-guenther.de\/wp-content\/uploads\/2024\/02\/family-6002642_1280-200x300.jpg\" class=\"attachment-medium size-medium wp-image-64\" alt=\"\" srcset=\"https:\/\/verena-guenther.de\/wp-content\/uploads\/2024\/02\/family-6002642_1280-200x300.jpg 200w, https:\/\/verena-guenther.de\/wp-content\/uploads\/2024\/02\/family-6002642_1280-682x1024.jpg 682w, https:\/\/verena-guenther.de\/wp-content\/uploads\/2024\/02\/family-6002642_1280-768x1152.jpg 768w, https:\/\/verena-guenther.de\/wp-content\/uploads\/2024\/02\/family-6002642_1280.jpg 853w\" sizes=\"(max-width: 200px) 100vw, 200px\" \/>\t\t\t\t\t\t\t\t\t\t\t\t\t<\/div>\n\t\t\t\t<\/div>\n\t\t\t\t\t<\/div>\n\t\t\t\t<\/div>\n\t\t\t\t<\/div>\n\t\t","protected":false},"excerpt":{"rendered":"<p>Aware Parenting nach Dr. Aletha Solter (Ver-)Bindungsorientierte und traumasensible Begleitung von Kindern und Jugendlichen Das Wissen und die Praxis des Aware Parentings nach Dr. Aletha Solter hat mich in meiner 3. Schwangerschaft erreicht und mir nochmal ein tieferes Verst\u00e4ndnis f\u00fcr die Bed\u00fcrfnisse der Kinder und auch von uns Erwachsenen gebracht. Es ist eine Haltung, die [&hellip;]<\/p>\n","protected":false},"author":1,"featured_media":0,"parent":0,"menu_order":0,"comment_status":"closed","ping_status":"closed","template":"","meta":{"footnotes":""},"class_list":["post-441","page","type-page","status-publish","hentry"],"_links":{"self":[{"href":"https:\/\/verena-guenther.de\/index.php?rest_route=\/wp\/v2\/pages\/441","targetHints":{"allow":["GET"]}}],"collection":[{"href":"https:\/\/verena-guenther.de\/index.php?rest_route=\/wp\/v2\/pages"}],"about":[{"href":"https:\/\/verena-guenther.de\/index.php?rest_route=\/wp\/v2\/types\/page"}],"author":[{"embeddable":true,"href":"https:\/\/verena-guenther.de\/index.php?rest_route=\/wp\/v2\/users\/1"}],"replies":[{"embeddable":true,"href":"https:\/\/verena-guenther.de\/index.php?rest_route=%2Fwp%2Fv2%2Fcomments&post=441"}],"version-history":[{"count":31,"href":"https:\/\/verena-guenther.de\/index.php?rest_route=\/wp\/v2\/pages\/441\/revisions"}],"predecessor-version":[{"id":868,"href":"https:\/\/verena-guenther.de\/index.php?rest_route=\/wp\/v2\/pages\/441\/revisions\/868"}],"wp:attachment":[{"href":"https:\/\/verena-guenther.de\/index.php?rest_route=%2Fwp%2Fv2%2Fmedia&parent=441"}],"curies":[{"name":"wp","href":"https:\/\/api.w.org\/{rel}","templated":true}]}}