{"id":35,"date":"2024-01-25T23:23:38","date_gmt":"2024-01-25T23:23:38","guid":{"rendered":"http:\/\/verena-guenther.de\/?page_id=35"},"modified":"2026-03-28T21:36:55","modified_gmt":"2026-03-28T21:36:55","slug":"angebote","status":"publish","type":"page","link":"https:\/\/verena-guenther.de\/?page_id=35","title":{"rendered":"Angebote"},"content":{"rendered":"\t\t<div data-elementor-type=\"wp-page\" data-elementor-id=\"35\" class=\"elementor elementor-35\">\n\t\t\t\t<div class=\"elementor-element elementor-element-7862a60 e-flex e-con-boxed e-con e-parent\" data-id=\"7862a60\" data-element_type=\"container\">\n\t\t\t\t\t<div class=\"e-con-inner\">\n\t\t\t\t<div class=\"elementor-element elementor-element-08165b1 elementor-widget elementor-widget-image\" data-id=\"08165b1\" data-element_type=\"widget\" data-widget_type=\"image.default\">\n\t\t\t\t<div class=\"elementor-widget-container\">\n\t\t\t<style>\/*! elementor - v3.22.0 - 26-06-2024 *\/\n.elementor-widget-image{text-align:center}.elementor-widget-image a{display:inline-block}.elementor-widget-image a img[src$=\".svg\"]{width:48px}.elementor-widget-image img{vertical-align:middle;display:inline-block}<\/style>\t\t\t\t\t\t\t\t\t\t<img decoding=\"async\" width=\"150\" height=\"150\" src=\"https:\/\/verena-guenther.de\/wp-content\/uploads\/2024\/02\/team-spirit-2447163_1280-1-150x150.jpg\" class=\"attachment-thumbnail size-thumbnail wp-image-189\" alt=\"\" \/>\t\t\t\t\t\t\t\t\t\t\t\t\t<\/div>\n\t\t\t\t<\/div>\n\t\t<div class=\"elementor-element elementor-element-a073269 e-con-full e-flex e-con e-child\" data-id=\"a073269\" data-element_type=\"container\">\n\t\t\t\t<div class=\"elementor-element elementor-element-2d33721 elementor-widget elementor-widget-heading\" data-id=\"2d33721\" data-element_type=\"widget\" data-widget_type=\"heading.default\">\n\t\t\t\t<div class=\"elementor-widget-container\">\n\t\t\t<style>\/*! elementor - v3.22.0 - 26-06-2024 *\/\n.elementor-heading-title{padding:0;margin:0;line-height:1}.elementor-widget-heading .elementor-heading-title[class*=elementor-size-]>a{color:inherit;font-size:inherit;line-height:inherit}.elementor-widget-heading .elementor-heading-title.elementor-size-small{font-size:15px}.elementor-widget-heading .elementor-heading-title.elementor-size-medium{font-size:19px}.elementor-widget-heading .elementor-heading-title.elementor-size-large{font-size:29px}.elementor-widget-heading .elementor-heading-title.elementor-size-xl{font-size:39px}.elementor-widget-heading .elementor-heading-title.elementor-size-xxl{font-size:59px}<\/style><div class=\"elementor-heading-title elementor-size-default\">GFK Einf\u00fchrungskurs online<br>\n\"Konfliktleichtigkeit im Alltag mit Kindern mit Hilfe der GFK\"<\/div>\t\t<\/div>\n\t\t\t\t<\/div>\n\t\t\t\t<div class=\"elementor-element elementor-element-e9cc235 elementor-widget elementor-widget-text-editor\" data-id=\"e9cc235\" data-element_type=\"widget\" data-widget_type=\"text-editor.default\">\n\t\t\t\t<div class=\"elementor-widget-container\">\n\t\t\t<style>\/*! elementor - v3.22.0 - 26-06-2024 *\/\n.elementor-widget-text-editor.elementor-drop-cap-view-stacked .elementor-drop-cap{background-color:#69727d;color:#fff}.elementor-widget-text-editor.elementor-drop-cap-view-framed .elementor-drop-cap{color:#69727d;border:3px solid;background-color:transparent}.elementor-widget-text-editor:not(.elementor-drop-cap-view-default) .elementor-drop-cap{margin-top:8px}.elementor-widget-text-editor:not(.elementor-drop-cap-view-default) .elementor-drop-cap-letter{width:1em;height:1em}.elementor-widget-text-editor .elementor-drop-cap{float:left;text-align:center;line-height:1;font-size:50px}.elementor-widget-text-editor .elementor-drop-cap-letter{display:inline-block}<\/style>\t\t\t\t<p>Die GFK in Familien zu bringen ist mir ein Herzensanliegen. Mit dem Kurs &#8222;Konfliktleichtigkeit im Alltag mit Hilfe der Gewaltfreien Kommunikation&#8220; lernen Eltern, Gro\u00dfeltern, Erzieher, &#8230;. die GFK als Haltung und Methode kennen. Die Theorie ist eingerahmt von \u00dcbungen zur Selbsterfahrung und praktischen Anwendungstipps.<\/p><p>Der Einf\u00fchrungskurs bietet die beste Basis, um die Gewaltfreie Kommunikation mit Kindern kennen- und leben zu lernen.<\/p><p>N\u00e4chster Einf\u00fchrungskurs ab 22.01.2027, 5 mal freitags, <b>online<\/b>, von 20 &#8211; 21.30 Uhr<\/p><p><a href=\"https:\/\/www.vhs-le.de\" target=\"_blank\" rel=\"noopener\">Anmeldung \u00fcber die VHS LE.<\/a><\/p>\t\t\t\t\t\t<\/div>\n\t\t\t\t<\/div>\n\t\t\t\t<\/div>\n\t\t\t\t\t<\/div>\n\t\t\t\t<\/div>\n\t\t<div class=\"elementor-element elementor-element-1629407 e-flex e-con-boxed e-con e-parent\" data-id=\"1629407\" data-element_type=\"container\">\n\t\t\t\t\t<div class=\"e-con-inner\">\n\t\t\t\t<div class=\"elementor-element elementor-element-bb02c3a elementor-widget elementor-widget-image\" data-id=\"bb02c3a\" data-element_type=\"widget\" data-widget_type=\"image.default\">\n\t\t\t\t<div class=\"elementor-widget-container\">\n\t\t\t\t\t\t\t\t\t\t\t\t\t<img decoding=\"async\" width=\"150\" height=\"150\" src=\"https:\/\/verena-guenther.de\/wp-content\/uploads\/2024\/02\/giraffe-2233366_1280-e1766094716751-150x150.jpg\" class=\"attachment-thumbnail size-thumbnail wp-image-183\" alt=\"\" \/>\t\t\t\t\t\t\t\t\t\t\t\t\t<\/div>\n\t\t\t\t<\/div>\n\t\t<div class=\"elementor-element elementor-element-57b69df e-con-full e-flex e-con e-child\" data-id=\"57b69df\" data-element_type=\"container\">\n\t\t\t\t<div class=\"elementor-element elementor-element-6f0bb90 elementor-widget elementor-widget-heading\" data-id=\"6f0bb90\" data-element_type=\"widget\" data-widget_type=\"heading.default\">\n\t\t\t\t<div class=\"elementor-widget-container\">\n\t\t\t<div class=\"elementor-heading-title elementor-size-default\">GFK \u00dcbungsgruppe online<\/div>\t\t<\/div>\n\t\t\t\t<\/div>\n\t\t\t\t<div class=\"elementor-element elementor-element-d60a3bd elementor-widget elementor-widget-text-editor\" data-id=\"d60a3bd\" data-element_type=\"widget\" data-widget_type=\"text-editor.default\">\n\t\t\t\t<div class=\"elementor-widget-container\">\n\t\t\t\t\t\t\t<p>Um die Gewaltfreie Kommunikation nicht nur zu verstehen, sondern auch zu leben, braucht es \u00dcbung. Diesen Raum f\u00fcr \u00dcbung und Impulse bietet die regelm\u00e4\u00dfige \u00dcbungsgruppe. Damit die Verbindung auch in Deinem Leben w\u00e4chst.<\/p><p>Die GFK \u00dcbungsgruppe findet fortlaufend einmal monatlich mittwochs von 20 &#8211; 21.30 Uhr <b>online <\/b>statt.<\/p><p><a href=\"https:\/\/www.fbs-filderstadt.de\/angebote\/kurse-programm\/online\/kw\/bereich\/kursdetails\/kurs\/261-1107FO\/kursname\/ONLINE%20Gewaltfreie%20Kommunikation%20im%20Alltag%20mit%20Kindern%20-%20UEbungsgruppe\/kategorie-id\/116\/\" target=\"_blank\" rel=\"noopener\">Anmeldung halbjahresweise \u00fcber die FBS Filderstadt<\/a><\/p>\t\t\t\t\t\t<\/div>\n\t\t\t\t<\/div>\n\t\t\t\t<\/div>\n\t\t\t\t\t<\/div>\n\t\t\t\t<\/div>\n\t\t<div class=\"elementor-element elementor-element-019ac76 e-flex e-con-boxed e-con e-parent\" data-id=\"019ac76\" data-element_type=\"container\">\n\t\t\t\t\t<div class=\"e-con-inner\">\n\t\t\t\t<div class=\"elementor-element elementor-element-a164066 elementor-widget elementor-widget-image\" data-id=\"a164066\" data-element_type=\"widget\" data-widget_type=\"image.default\">\n\t\t\t\t<div class=\"elementor-widget-container\">\n\t\t\t\t\t\t\t\t\t\t\t\t\t<img decoding=\"async\" width=\"150\" height=\"150\" src=\"https:\/\/verena-guenther.de\/wp-content\/uploads\/2024\/04\/Titelbild-Kind-unter-Decke_kurz-150x150.jpeg\" class=\"attachment-thumbnail size-thumbnail wp-image-275\" alt=\"\" \/>\t\t\t\t\t\t\t\t\t\t\t\t\t<\/div>\n\t\t\t\t<\/div>\n\t\t<div class=\"elementor-element elementor-element-0ef2a35 e-con-full e-flex e-con e-child\" data-id=\"0ef2a35\" data-element_type=\"container\">\n\t\t\t\t<div class=\"elementor-element elementor-element-c0e2c4d elementor-widget elementor-widget-heading\" data-id=\"c0e2c4d\" data-element_type=\"widget\" data-widget_type=\"heading.default\">\n\t\t\t\t<div class=\"elementor-widget-container\">\n\t\t\t<div class=\"elementor-heading-title elementor-size-default\">Familiensprechen<\/div>\t\t<\/div>\n\t\t\t\t<\/div>\n\t\t\t\t<div class=\"elementor-element elementor-element-954072b elementor-widget elementor-widget-text-editor\" data-id=\"954072b\" data-element_type=\"widget\" data-widget_type=\"text-editor.default\">\n\t\t\t\t<div class=\"elementor-widget-container\">\n\t\t\t\t\t\t\t<p>Familiensprechen ist ein GFK-Erlebnis-Kurs, bei dem ein Elternteil mit einem Kind gemeinsam \u00fcber spielerisches Erleben in die Giraffenwelt eintaucht und die wertvolle Erfahrung echter Verbindung machen kann.<\/p><p>In dem Kurs geht es um das Kennenlernen einer einf\u00fchlsamen Kommunikation und das St\u00e4rken einer vertrauensvollen Beziehung zwischen Eltern und Kind.<\/p><p>Wenn Du auf der Suche nach neuen Wegen bist und alte Verhaltensmuster \u00e4ndern m\u00f6chtest, wenn Du mit Deiner Familie mehr Konfliktleichtigkeit leben willst oder wenn Du erfahren willst, wie Bed\u00fcrfnisorientierung in alle Richtungen praktikabel ist, dann sei herzlich Willkommen!<\/p><p><strong>Familiensprechen<\/strong> Einsteigerkurs <b>im Haus der Familie in N\u00fcrtingen\u00a0<br \/><\/b>ab Di., 03.11.2026, 5 mal, 15:00 &#8211; 16:30 Uhr<\/p><p><a href=\"https:\/\/www.fbs-filderstadt.de\/angebote\/kw\/bereich\/kursdetails\/kurs\/252-3352E\/kursname\/Familiensprechen%20-%20Einsteigerkurs%20fuer%20Kinder%205-9%20Jahre%20mit%20je%20einem%20Elt\/kategorie-id\/152\/\" target=\"_blank\" rel=\"noopener\">Anmeldung \u00fcber das Haus der Familie in N\u00fcrtingen<\/a>\u00a0<\/p>\t\t\t\t\t\t<\/div>\n\t\t\t\t<\/div>\n\t\t\t\t<\/div>\n\t\t\t\t\t<\/div>\n\t\t\t\t<\/div>\n\t\t<div class=\"elementor-element elementor-element-36e6810 e-flex e-con-boxed e-con e-parent\" data-id=\"36e6810\" data-element_type=\"container\">\n\t\t\t\t\t<div class=\"e-con-inner\">\n\t\t\t\t<div class=\"elementor-element elementor-element-e6cc337 elementor-widget elementor-widget-image\" data-id=\"e6cc337\" data-element_type=\"widget\" data-widget_type=\"image.default\">\n\t\t\t\t<div class=\"elementor-widget-container\">\n\t\t\t\t\t\t\t\t\t\t\t\t\t<img loading=\"lazy\" decoding=\"async\" width=\"150\" height=\"150\" src=\"https:\/\/verena-guenther.de\/wp-content\/uploads\/2025\/12\/DSC_3405-150x150.jpg\" class=\"attachment-thumbnail size-thumbnail wp-image-542\" alt=\"\" \/>\t\t\t\t\t\t\t\t\t\t\t\t\t<\/div>\n\t\t\t\t<\/div>\n\t\t<div class=\"elementor-element elementor-element-fe5898b e-con-full e-flex e-con e-child\" data-id=\"fe5898b\" data-element_type=\"container\">\n\t\t\t\t<div class=\"elementor-element elementor-element-370105f elementor-widget elementor-widget-heading\" data-id=\"370105f\" data-element_type=\"widget\" data-widget_type=\"heading.default\">\n\t\t\t\t<div class=\"elementor-widget-container\">\n\t\t\t<div class=\"elementor-heading-title elementor-size-default\">GFK Coaching<\/div>\t\t<\/div>\n\t\t\t\t<\/div>\n\t\t\t\t<div class=\"elementor-element elementor-element-6d7bf14 elementor-widget elementor-widget-text-editor\" data-id=\"6d7bf14\" data-element_type=\"widget\" data-widget_type=\"text-editor.default\">\n\t\t\t\t<div class=\"elementor-widget-container\">\n\t\t\t\t\t\t\t<p>Du sehnst dich danach, Klarheit in (d)eine Situation, deine Gef\u00fchle und deine Bed\u00fcrfnisse zu bekommen? Du hast ein Thema oder einen Konflikt und m\u00f6chtest dies(en) mit der Haltung der GFK betrachten um dich und Dein Gegen\u00fcber zu verstehen?\u00a0<\/p><p>Dann bist du im GFK Coaching genau richtig. Hier hast du Raum, so da zu sein, wie du bist. Hier wird dir zugeh\u00f6rt. Hier wirst du gesehen. Hier entsteht der Raum f\u00fcr Verbindung &#8211; Verbindung zu dir. Verbindung zum Gegen\u00fcber.<\/p><p>Kennenlerntelefonat: 30 Min kostenlos<br \/>Coachingtermin: 60 Min \u00e0 80 \u20ac<br \/>Wo: online oder in Pr\u00e4senz im Verbindungsraum in Filderstadt<br \/>Terminvereinbarung<a style=\"background-color: #f4f0ee;\" href=\"https:\/\/verena-guenther.de\/?page_id=103\"> telefonisch oder per Email.<\/a><\/p>\t\t\t\t\t\t<\/div>\n\t\t\t\t<\/div>\n\t\t\t\t<\/div>\n\t\t\t\t\t<\/div>\n\t\t\t\t<\/div>\n\t\t<div class=\"elementor-element elementor-element-7d9b671 e-flex e-con-boxed e-con e-parent\" data-id=\"7d9b671\" data-element_type=\"container\">\n\t\t\t\t\t<div class=\"e-con-inner\">\n\t\t\t\t<div class=\"elementor-element elementor-element-156ab53 elementor-widget elementor-widget-image\" data-id=\"156ab53\" data-element_type=\"widget\" data-widget_type=\"image.default\">\n\t\t\t\t<div class=\"elementor-widget-container\">\n\t\t\t\t\t\t\t\t\t\t\t\t\t<img loading=\"lazy\" decoding=\"async\" width=\"150\" height=\"150\" src=\"https:\/\/verena-guenther.de\/wp-content\/uploads\/2024\/02\/family-6002642_1280-1-e1766094518515-150x150.jpg\" class=\"attachment-thumbnail size-thumbnail wp-image-179\" alt=\"\" \/>\t\t\t\t\t\t\t\t\t\t\t\t\t<\/div>\n\t\t\t\t<\/div>\n\t\t<div class=\"elementor-element elementor-element-2258d69 e-con-full e-flex e-con e-child\" data-id=\"2258d69\" data-element_type=\"container\">\n\t\t\t\t<div class=\"elementor-element elementor-element-eb4715b elementor-widget elementor-widget-heading\" data-id=\"eb4715b\" data-element_type=\"widget\" data-widget_type=\"heading.default\">\n\t\t\t\t<div class=\"elementor-widget-container\">\n\t\t\t<div class=\"elementor-heading-title elementor-size-default\">Eltern- und Familienberatung<\/div>\t\t<\/div>\n\t\t\t\t<\/div>\n\t\t\t\t<div class=\"elementor-element elementor-element-ebb77e4 elementor-widget elementor-widget-text-editor\" data-id=\"ebb77e4\" data-element_type=\"widget\" data-widget_type=\"text-editor.default\">\n\t\t\t\t<div class=\"elementor-widget-container\">\n\t\t\t\t\t\t\t<p>Manchmal gibt es Situationen oder Gegebenheiten, die Eltern im Alltag vor besondere Herausforderungen stellen. Sei es der Umgang mit Wut, Angst und anderen starken Gef\u00fchlen bei Kindern und\/oder Eltern, \u00dcberlastung, Geschwisterstreit, Alltagssituationen wie Z\u00e4hneputzen, schlafen gehen, Kindergartenbesuch, usw&#8230;.\u00a0<\/p><p>Ich unterst\u00fctze Euch mit meinem Wissen und meiner Erfahrung rund um die (ver-)bindungs- und bed\u00fcrfnisorientierte Begleitung von Kindern und Jugendlichen sowie Tools und Methoden aus dem Aware Parenting und der Gewaltfreien Kommunikation.\u00a0<\/p><p>Kennenlerntelefonat: 30 Min kostenlos<br \/>Einzelberatung: 60 Min \u00e0 80 \u20ac<br \/>Wo: online oder in Pr\u00e4senz im Verbindungsraum in Filderstadt<br \/>Terminvereinbarung <a href=\"https:\/\/verena-guenther.de\/?page_id=103\">telefonisch oder per Email.<\/a><\/p>\t\t\t\t\t\t<\/div>\n\t\t\t\t<\/div>\n\t\t\t\t<\/div>\n\t\t\t\t\t<\/div>\n\t\t\t\t<\/div>\n\t\t<div class=\"elementor-element elementor-element-ec0ad8e e-flex e-con-boxed e-con e-parent\" data-id=\"ec0ad8e\" data-element_type=\"container\">\n\t\t\t\t\t<div class=\"e-con-inner\">\n\t\t\t\t<div class=\"elementor-element elementor-element-287b9d1 elementor-widget elementor-widget-image\" data-id=\"287b9d1\" data-element_type=\"widget\" data-widget_type=\"image.default\">\n\t\t\t\t<div class=\"elementor-widget-container\">\n\t\t\t\t\t\t\t\t\t\t\t\t\t<img loading=\"lazy\" decoding=\"async\" width=\"150\" height=\"150\" src=\"https:\/\/verena-guenther.de\/wp-content\/uploads\/2024\/02\/pencils-6099511_1280-150x150.jpg\" class=\"attachment-thumbnail size-thumbnail wp-image-187\" alt=\"\" \/>\t\t\t\t\t\t\t\t\t\t\t\t\t<\/div>\n\t\t\t\t<\/div>\n\t\t<div class=\"elementor-element elementor-element-6839515 e-con-full e-flex e-con e-child\" data-id=\"6839515\" data-element_type=\"container\">\n\t\t\t\t<div class=\"elementor-element elementor-element-fa6bef7 elementor-widget elementor-widget-heading\" data-id=\"fa6bef7\" data-element_type=\"widget\" data-widget_type=\"heading.default\">\n\t\t\t\t<div class=\"elementor-widget-container\">\n\t\t\t<div class=\"elementor-heading-title elementor-size-default\">GFK in der Schule<\/div>\t\t<\/div>\n\t\t\t\t<\/div>\n\t\t\t\t<div class=\"elementor-element elementor-element-54feb18 elementor-widget elementor-widget-text-editor\" data-id=\"54feb18\" data-element_type=\"widget\" data-widget_type=\"text-editor.default\">\n\t\t\t\t<div class=\"elementor-widget-container\">\n\t\t\t\t\t\t\t<p>Die GFK kann als Element in einer Klasse eingef\u00fchrt werden, damit die Sch\u00fcler miteinander Konflikte achtsamer und wertsch\u00e4tzender kl\u00e4ren oder auch als Unterst\u00fctzung der Lehrer, die mit der GFK einen Weg finden f\u00fcr einen respektvollen Umgang im Klassenverband und ohne zu drohen, zu strafen und zu belohnen durch den Unterrichtsalltag kommen sowie auch als Haltung f\u00fcr das Miteinander im Kollegium und den Eltern gegen\u00fcber.<\/p><p>Meine GFK-Workshops sind immer individuell auf die Schule, Menschen, Situationen ausgerichtet. Spielerisch f\u00fcr die Kinder. Lebendig und mit viel Raum f\u00fcr Erfahrung f\u00fcr die Erwachsenen.<\/p><p><strong>Nimm gerne <a href=\"https:\/\/verena-guenther.de\/?page_id=103\">Kontakt<\/a> mit mir auf.\u00a0<\/strong><\/p>\t\t\t\t\t\t<\/div>\n\t\t\t\t<\/div>\n\t\t\t\t<\/div>\n\t\t\t\t\t<\/div>\n\t\t\t\t<\/div>\n\t\t<div class=\"elementor-element elementor-element-def5c3a e-flex e-con-boxed e-con e-parent\" data-id=\"def5c3a\" data-element_type=\"container\">\n\t\t\t\t\t<div class=\"e-con-inner\">\n\t\t\t\t<div class=\"elementor-element elementor-element-149f603 elementor-widget elementor-widget-image\" data-id=\"149f603\" data-element_type=\"widget\" data-widget_type=\"image.default\">\n\t\t\t\t<div class=\"elementor-widget-container\">\n\t\t\t\t\t\t\t\t\t\t\t\t\t<img loading=\"lazy\" decoding=\"async\" width=\"150\" height=\"150\" src=\"https:\/\/verena-guenther.de\/wp-content\/uploads\/2024\/02\/education-4520228_1280-1-150x150.jpg\" class=\"attachment-thumbnail size-thumbnail wp-image-178\" alt=\"\" \/>\t\t\t\t\t\t\t\t\t\t\t\t\t<\/div>\n\t\t\t\t<\/div>\n\t\t<div class=\"elementor-element elementor-element-d0913aa e-con-full e-flex e-con e-child\" data-id=\"d0913aa\" data-element_type=\"container\">\n\t\t\t\t<div class=\"elementor-element elementor-element-068c241 elementor-widget elementor-widget-heading\" data-id=\"068c241\" data-element_type=\"widget\" data-widget_type=\"heading.default\">\n\t\t\t\t<div class=\"elementor-widget-container\">\n\t\t\t<div class=\"elementor-heading-title elementor-size-default\">GFK im Kindergarten<\/div>\t\t<\/div>\n\t\t\t\t<\/div>\n\t\t\t\t<div class=\"elementor-element elementor-element-08dc69b elementor-widget elementor-widget-text-editor\" data-id=\"08dc69b\" data-element_type=\"widget\" data-widget_type=\"text-editor.default\">\n\t\t\t\t<div class=\"elementor-widget-container\">\n\t\t\t\t\t\t\t<p>Welch ein Geschenk k\u00f6nnen wir Kindern machen, wenn sie im Kindergarten die Begriffe f\u00fcr Gef\u00fchle und Bed\u00fcrfnisse, sowie Konfliktl\u00f6sungskompetenz ganz nebenbei durchs Vorleben erlernen!?<br \/>Auch im Kollegium und f\u00fcr die Elternarbeit ist die GFK ein wertvoller Beitrag f\u00fcr ein achtsames und wertsch\u00e4tzendes Miteinander.<\/p><p><strong>Nimm gerne <a href=\"https:\/\/verena-guenther.de\/?page_id=103\">Kontakt<\/a> mit mir auf.<\/strong><\/p>\t\t\t\t\t\t<\/div>\n\t\t\t\t<\/div>\n\t\t\t\t<\/div>\n\t\t\t\t\t<\/div>\n\t\t\t\t<\/div>\n\t\t\t\t<\/div>\n\t\t","protected":false},"excerpt":{"rendered":"<p>GFK Einf\u00fchrungskurs online &#8222;Konfliktleichtigkeit im Alltag mit Kindern mit Hilfe der GFK&#8220; Die GFK in Familien zu bringen ist mir ein Herzensanliegen. Mit dem Kurs &#8222;Konfliktleichtigkeit im Alltag mit Hilfe der Gewaltfreien Kommunikation&#8220; lernen Eltern, Gro\u00dfeltern, Erzieher, &#8230;. die GFK als Haltung und Methode kennen. Die Theorie ist eingerahmt von \u00dcbungen zur Selbsterfahrung und praktischen [&hellip;]<\/p>\n","protected":false},"author":1,"featured_media":0,"parent":0,"menu_order":3,"comment_status":"closed","ping_status":"closed","template":"","meta":{"footnotes":""},"class_list":["post-35","page","type-page","status-publish","hentry"],"_links":{"self":[{"href":"https:\/\/verena-guenther.de\/index.php?rest_route=\/wp\/v2\/pages\/35","targetHints":{"allow":["GET"]}}],"collection":[{"href":"https:\/\/verena-guenther.de\/index.php?rest_route=\/wp\/v2\/pages"}],"about":[{"href":"https:\/\/verena-guenther.de\/index.php?rest_route=\/wp\/v2\/types\/page"}],"author":[{"embeddable":true,"href":"https:\/\/verena-guenther.de\/index.php?rest_route=\/wp\/v2\/users\/1"}],"replies":[{"embeddable":true,"href":"https:\/\/verena-guenther.de\/index.php?rest_route=%2Fwp%2Fv2%2Fcomments&post=35"}],"version-history":[{"count":62,"href":"https:\/\/verena-guenther.de\/index.php?rest_route=\/wp\/v2\/pages\/35\/revisions"}],"predecessor-version":[{"id":871,"href":"https:\/\/verena-guenther.de\/index.php?rest_route=\/wp\/v2\/pages\/35\/revisions\/871"}],"wp:attachment":[{"href":"https:\/\/verena-guenther.de\/index.php?rest_route=%2Fwp%2Fv2%2Fmedia&parent=35"}],"curies":[{"name":"wp","href":"https:\/\/api.w.org\/{rel}","templated":true}]}}