{"id":140,"date":"2024-02-28T20:29:32","date_gmt":"2024-02-28T20:29:32","guid":{"rendered":"https:\/\/verena-guenther.de\/?page_id=140"},"modified":"2026-03-28T21:44:02","modified_gmt":"2026-03-28T21:44:02","slug":"home","status":"publish","type":"page","link":"https:\/\/verena-guenther.de\/","title":{"rendered":"Home"},"content":{"rendered":"\t\t<div data-elementor-type=\"wp-page\" data-elementor-id=\"140\" class=\"elementor elementor-140\">\n\t\t\t\t<div class=\"elementor-element elementor-element-6c25ee2 e-flex e-con-boxed e-con e-parent\" data-id=\"6c25ee2\" data-element_type=\"container\">\n\t\t\t\t\t<div class=\"e-con-inner\">\n\t\t\t\t<div class=\"elementor-element elementor-element-58e54bb elementor-widget elementor-widget-image\" data-id=\"58e54bb\" data-element_type=\"widget\" data-widget_type=\"image.default\">\n\t\t\t\t<div class=\"elementor-widget-container\">\n\t\t\t<style>\/*! elementor - v3.22.0 - 26-06-2024 *\/\n.elementor-widget-image{text-align:center}.elementor-widget-image a{display:inline-block}.elementor-widget-image a img[src$=\".svg\"]{width:48px}.elementor-widget-image img{vertical-align:middle;display:inline-block}<\/style>\t\t\t\t\t\t\t\t\t\t<img fetchpriority=\"high\" decoding=\"async\" width=\"768\" height=\"94\" src=\"https:\/\/verena-guenther.de\/wp-content\/uploads\/2024\/04\/Kreise_aneinander-768x94.png\" class=\"attachment-medium_large size-medium_large wp-image-283\" alt=\"\" srcset=\"https:\/\/verena-guenther.de\/wp-content\/uploads\/2024\/04\/Kreise_aneinander-768x94.png 768w, https:\/\/verena-guenther.de\/wp-content\/uploads\/2024\/04\/Kreise_aneinander-300x37.png 300w, https:\/\/verena-guenther.de\/wp-content\/uploads\/2024\/04\/Kreise_aneinander.png 906w\" sizes=\"(max-width: 768px) 100vw, 768px\" \/>\t\t\t\t\t\t\t\t\t\t\t\t\t<\/div>\n\t\t\t\t<\/div>\n\t\t\t\t<div class=\"elementor-element elementor-element-5955d32 elementor-invisible elementor-widget elementor-widget-heading\" data-id=\"5955d32\" data-element_type=\"widget\" data-settings=\"{&quot;_animation&quot;:&quot;fadeInUp&quot;}\" data-widget_type=\"heading.default\">\n\t\t\t\t<div class=\"elementor-widget-container\">\n\t\t\t<style>\/*! elementor - v3.22.0 - 26-06-2024 *\/\n.elementor-heading-title{padding:0;margin:0;line-height:1}.elementor-widget-heading .elementor-heading-title[class*=elementor-size-]>a{color:inherit;font-size:inherit;line-height:inherit}.elementor-widget-heading .elementor-heading-title.elementor-size-small{font-size:15px}.elementor-widget-heading .elementor-heading-title.elementor-size-medium{font-size:19px}.elementor-widget-heading .elementor-heading-title.elementor-size-large{font-size:29px}.elementor-widget-heading .elementor-heading-title.elementor-size-xl{font-size:39px}.elementor-widget-heading .elementor-heading-title.elementor-size-xxl{font-size:59px}<\/style><h1 class=\"elementor-heading-title elementor-size-default\">IchInVerbindung<\/h1>\t\t<\/div>\n\t\t\t\t<\/div>\n\t\t\t\t\t<\/div>\n\t\t\t\t<\/div>\n\t\t<div class=\"elementor-element elementor-element-0ca7659 e-flex e-con-boxed e-con e-parent\" data-id=\"0ca7659\" data-element_type=\"container\">\n\t\t\t\t\t<div class=\"e-con-inner\">\n\t\t\t\t<div class=\"elementor-element elementor-element-ba63927 elementor-widget__width-initial elementor-widget elementor-widget-heading\" data-id=\"ba63927\" data-element_type=\"widget\" data-widget_type=\"heading.default\">\n\t\t\t\t<div class=\"elementor-widget-container\">\n\t\t\t<h1 class=\"elementor-heading-title elementor-size-default\">Verbindung macht den Unterschied im Leben. \n<\/h1>\t\t<\/div>\n\t\t\t\t<\/div>\n\t\t\t\t<div class=\"elementor-element elementor-element-8f41cfc elementor-widget__width-initial elementor-widget elementor-widget-heading\" data-id=\"8f41cfc\" data-element_type=\"widget\" data-widget_type=\"heading.default\">\n\t\t\t\t<div class=\"elementor-widget-container\">\n\t\t\t<h1 class=\"elementor-heading-title elementor-size-default\">Verbindung zu mir. Verbindung zu dir. Verbindung zum Leben.&nbsp;<\/h1>\t\t<\/div>\n\t\t\t\t<\/div>\n\t\t\t\t\t<\/div>\n\t\t\t\t<\/div>\n\t\t<div class=\"elementor-element elementor-element-58af637 e-flex e-con-boxed e-con e-parent\" data-id=\"58af637\" data-element_type=\"container\">\n\t\t\t\t\t<div class=\"e-con-inner\">\n\t\t\t\t\t<\/div>\n\t\t\t\t<\/div>\n\t\t<div class=\"elementor-element elementor-element-1697ded0 e-con-full e-flex e-con e-parent\" data-id=\"1697ded0\" data-element_type=\"container\">\n\t\t<div class=\"elementor-element elementor-element-5acba789 e-con-full e-flex e-con e-child\" data-id=\"5acba789\" data-element_type=\"container\">\n\t\t\t\t<div class=\"elementor-element elementor-element-1747235 elementor-widget__width-inherit elementor-widget elementor-widget-text-editor\" data-id=\"1747235\" data-element_type=\"widget\" data-widget_type=\"text-editor.default\">\n\t\t\t\t<div class=\"elementor-widget-container\">\n\t\t\t<style>\/*! elementor - v3.22.0 - 26-06-2024 *\/\n.elementor-widget-text-editor.elementor-drop-cap-view-stacked .elementor-drop-cap{background-color:#69727d;color:#fff}.elementor-widget-text-editor.elementor-drop-cap-view-framed .elementor-drop-cap{color:#69727d;border:3px solid;background-color:transparent}.elementor-widget-text-editor:not(.elementor-drop-cap-view-default) .elementor-drop-cap{margin-top:8px}.elementor-widget-text-editor:not(.elementor-drop-cap-view-default) .elementor-drop-cap-letter{width:1em;height:1em}.elementor-widget-text-editor .elementor-drop-cap{float:left;text-align:center;line-height:1;font-size:50px}.elementor-widget-text-editor .elementor-drop-cap-letter{display:inline-block}<\/style>\t\t\t\t<h3 style=\"text-align: left;\" data-start=\"373\" data-end=\"391\">Kennst du das?<\/h3>\n<ul>\n<li data-start=\"392\" data-end=\"483\">Du nimmst dir vor, ruhig zu bleiben \u2013 und merkst pl\u00f6tzlich, wie deine Stimme lauter wird.<\/li>\n<li data-start=\"485\" data-end=\"572\">Du wei\u00dft, dass dein Kind gerade etwas braucht \u2013 und bist trotzdem innerlich am Limit.<\/li>\n<li data-start=\"574\" data-end=\"679\">Du versuchst alle und alles im Blick zu behalten und merkst, dass du selbst auf der Strecke bleibst.<\/li>\n<li data-start=\"574\" data-end=\"679\">Du hast das Gef\u00fchl:&nbsp;<em style=\"letter-spacing: 0px;\" data-start=\"744\" data-end=\"821\">\u201eIch will es anders machen \u2013 aber im Alltag rutsche ich immer wieder raus.\u201c<\/em><\/li>\n<\/ul>\t\t\t\t\t\t<\/div>\n\t\t\t\t<\/div>\n\t\t\t\t<div class=\"elementor-element elementor-element-ee29c8c elementor-widget__width-inherit elementor-widget elementor-widget-text-editor\" data-id=\"ee29c8c\" data-element_type=\"widget\" data-widget_type=\"text-editor.default\">\n\t\t\t\t<div class=\"elementor-widget-container\">\n\t\t\t\t\t\t\t<h3><b>Der Familienalltag sieht jedoch oft ganz anders aus:<\/b><\/h3><ul><li>Wir hasten durch den Tag. Von Termin zu Termin.<\/li><li>Der Kopf ist voll mit Orga rund um ToDos, die Kinder, den Partner, die Arbeit, den Haushalt.<\/li><li>Die Kinder kommen von der Kita, dem Kindergarten oder der Schule. Das Essen schmeckt nicht. Auf Hausis kein Bock. Der n\u00e4chste Wutanfall ist im Anmarsch.<\/li><\/ul><div><ul><li style=\"font-size: 17px;\"><span style=\"letter-spacing: 0px;\">Wir wollen los. Die Kinder haben keine Lust. Wir werden laut. Schreien und Drohen sind vorprogrammiert.<\/span><\/li><li style=\"font-size: 17px;\"><span style=\"letter-spacing: 0px;\">Die Geschwister streiten. Die Eltern streiten. Dein Wunschbild der harmonischen Familie wird nicht erf\u00fcllt.<\/span><\/li><li style=\"font-size: 17px;\">Wenn die Kinder schlafen, geht f\u00fcr die Eltern die Arbeit nochmal los. Tisch aufr\u00e4umen, W\u00e4sche machen, den n\u00e4chsten Tag planen,\u00a0<span style=\"letter-spacing: 0px;\">Fr\u00fchst\u00fcck richten, usw.<\/span><\/li><\/ul><div>Bei all dem ist von Verbindung keine Spur:\u00a0Keine Verbindung zu mir. Keine Verbindung zu Dir. Keine Verbindung zum Leben.<\/div><\/div>\t\t\t\t\t\t<\/div>\n\t\t\t\t<\/div>\n\t\t\t\t<div class=\"elementor-element elementor-element-4b74ca3 elementor-widget__width-inherit elementor-widget elementor-widget-text-editor\" data-id=\"4b74ca3\" data-element_type=\"widget\" data-widget_type=\"text-editor.default\">\n\t\t\t\t<div class=\"elementor-widget-container\">\n\t\t\t\t\t\t\t<h3 style=\"text-align: left;\" data-start=\"828\" data-end=\"887\">Es liegt nicht an dir \u2013 sondern an fehlender Verbindung<\/h3><p data-start=\"888\" data-end=\"963\">Wenn Stress entsteht, geht oft zuerst eines verloren: <strong data-start=\"944\" data-end=\"962\">die Verbindung<\/strong>.<\/p><p data-start=\"965\" data-end=\"1070\">Zu dir selbst.\u00a0<br data-start=\"979\" data-end=\"982\" \/>Zu dem, was du gerade f\u00fchlst und brauchst.<br data-start=\"1024\" data-end=\"1027\" \/>Und damit auch die Verbindung zu deinem Kind.<\/p><p data-start=\"1072\" data-end=\"1256\">In meiner Arbeit begleite ich <strong data-start=\"1102\" data-end=\"1130\">Eltern und P\u00e4dagog:innen<\/strong> dabei, genau hier wieder anzukn\u00fcpfen \u2013<br data-start=\"1171\" data-end=\"1174\" \/>mit <strong data-start=\"1178\" data-end=\"1214\">Gewaltfreier Kommunikation (GFK)<\/strong>, <strong data-start=\"1216\" data-end=\"1235\">Aware Parenting<\/strong> und <strong data-start=\"1240\" data-end=\"1255\">Achtsamkeit<\/strong>.<\/p><p data-start=\"1258\" data-end=\"1340\">Nicht als weiteres Konzept im Kopf, sondern als <strong data-start=\"1308\" data-end=\"1339\">erlebbare Haltung im Alltag.<\/strong><\/p>\t\t\t\t\t\t<\/div>\n\t\t\t\t<\/div>\n\t\t\t\t<div class=\"elementor-element elementor-element-5fcbbb2 elementor-widget__width-inherit elementor-widget elementor-widget-text-editor\" data-id=\"5fcbbb2\" data-element_type=\"widget\" data-widget_type=\"text-editor.default\">\n\t\t\t\t<div class=\"elementor-widget-container\">\n\t\t\t\t\t\t\t<h3 style=\"text-align: left;\" data-start=\"1347\" data-end=\"1372\">Worum es konkret geht<\/h3>\n<p data-start=\"1373\" data-end=\"1405\">Situationen wie:<\/p>\n<ul>\n<li>Dein Kind h\u00f6rt \u201enicht\u201c, und in dir steigt Wut oder Hilflosigkeit auf<\/li>\n<li>Tr\u00e4nen, Geschrei oder R\u00fcckzug bringen dich selbst aus dem Gleichgewicht<\/li>\n<li>Du m\u00f6chtest liebevoll Grenzen setzen, ohne hart zu werden<\/li>\n<li>Du merkst, dass alte Muster anspringen \u2013 obwohl du sie l\u00e4ngst kennst<\/li>\n<li>Du sehnst dich nach mehr Leichtigkeit, N\u00e4he und Vertrauen<\/li>\n<\/ul>\n<p><br><\/p><p>Gemeinsam schauen wir:<\/p>\n<ul>\n<li>Was f\u00fchlst du gerade wirklich?<\/li>\n<li>Welches Bed\u00fcrfnis steckt dahinter?<\/li>\n<li>Was braucht dein Kind \u2013 <strong data-start=\"1872\" data-end=\"1895\">und was brauchst du<\/strong>?<\/li>\n<li>Wie kannst du pr\u00e4sent und liebevoll bleiben, auch wenn es herausfordernd wird?<\/li>\n<\/ul>\n<p data-start=\"1965\" data-end=\"2072\"><br><\/p><p data-start=\"1965\" data-end=\"2072\">Oft entsteht schon dadurch Erleichterung \u2013 weil pl\u00f6tzlich <strong data-start=\"2025\" data-end=\"2058\">Verstehen statt Funktionieren<\/strong> m\u00f6glich wird.<\/p>\t\t\t\t\t\t<\/div>\n\t\t\t\t<\/div>\n\t\t\t\t<div class=\"elementor-element elementor-element-021a397 elementor-widget__width-inherit elementor-widget elementor-widget-text-editor\" data-id=\"021a397\" data-element_type=\"widget\" data-widget_type=\"text-editor.default\">\n\t\t\t\t<div class=\"elementor-widget-container\">\n\t\t\t\t\t\t\t<h2 style=\"text-align: center;\">Meine Angebote<\/h2>\t\t\t\t\t\t<\/div>\n\t\t\t\t<\/div>\n\t\t\t\t<div class=\"elementor-element elementor-element-0759e0d elementor-widget__width-inherit elementor-widget elementor-widget-text-editor\" data-id=\"0759e0d\" data-element_type=\"widget\" data-widget_type=\"text-editor.default\">\n\t\t\t\t<div class=\"elementor-widget-container\">\n\t\t\t\t\t\t\t<p data-start=\"2099\" data-end=\"2284\">Meine Begleitung ist <strong data-start=\"2120\" data-end=\"2163\">wertsch\u00e4tzend, praktisch und alltagsnah<\/strong>.<br data-start=\"2164\" data-end=\"2167\" \/>Es geht nicht darum, alles \u201erichtig\u201c zu machen, sondern darum, <strong data-start=\"2232\" data-end=\"2261\">echt in Beziehung zu sein<\/strong> \u2013 auch mit dir selbst.<\/p><p data-start=\"2286\" data-end=\"2302\">Ich arbeite mit:<\/p><ul data-start=\"2303\" data-end=\"2469\"><li data-start=\"2303\" data-end=\"2349\"><p data-start=\"2305\" data-end=\"2349\"><strong data-start=\"2305\" data-end=\"2336\">Einzelbegleitung &amp; Coaching<\/strong> f\u00fcr Eltern<\/p><\/li><li data-start=\"2350\" data-end=\"2386\"><p data-start=\"2352\" data-end=\"2386\"><strong data-start=\"2352\" data-end=\"2384\">GFK-Kursen und \u00dcbungsgruppen<\/strong><\/p><\/li><li data-start=\"2350\" data-end=\"2386\"><p data-start=\"2352\" data-end=\"2386\"><strong data-start=\"2352\" data-end=\"2384\">Eltern-Kursen<\/strong><\/p><\/li><li data-start=\"2387\" data-end=\"2416\"><p data-start=\"2389\" data-end=\"2416\"><strong data-start=\"2389\" data-end=\"2414\">Eltern-Kind-Angeboten<\/strong><\/p><\/li><li data-start=\"2387\" data-end=\"2416\"><p data-start=\"2389\" data-end=\"2416\"><strong data-start=\"2384\" data-end=\"2436\">Kursen und Workshops f\u00fcr p\u00e4dagogische Fachkr\u00e4fte<\/strong><\/p><\/li><\/ul><p>Unter \u201e<a href=\"https:\/\/verena-guenther.de\/?page_id=35\">Angebote<\/a>\u201c erf\u00e4hrst du genauer, wie, wann und wo ich Dich mit viel Wissen und einer Menge an praktischer Erfahrung, gespickt mit vielen alltagstauglichen Tipps, Leichtigkeit und Humor, auf deinem Weg hin zur (ver-)bindungs- und bed\u00fcrfnisorientieren Begleitung von Kindern und Beziehungen unterst\u00fctze.<\/p><p><strong>Was viele als entlastend erleben:<\/strong><\/p><ul><li>weniger Schuldgef\u00fchle<\/li><li>mehr Verst\u00e4ndnis f\u00fcr sich selbst<\/li><li>neue Handlungsspielr\u00e4ume in schwierigen Momenten<\/li><li>mehr Kooperation<\/li><li>mehr Ruhe \u2013 auch wenn es nicht \u201eperfekt\u201c l\u00e4uft<\/li><li>echte Verbindung statt Machtkampf<\/li><li>Und manchmal auch: ein kleines L\u00e4cheln mitten im Chaos.<\/li><\/ul><p data-start=\"2627\" data-end=\"2788\">Wenn du Kinder <strong data-start=\"2642\" data-end=\"2688\">achtsam, (ver-)bindungs- und bed\u00fcrfnisorientiert<\/strong> begleiten m\u00f6chtest und dabei selbst nicht auf der Strecke bleiben willst, bist du hier richtig.<\/p>\t\t\t\t\t\t<\/div>\n\t\t\t\t<\/div>\n\t\t\t\t<div class=\"elementor-element elementor-element-0cb4869 elementor-widget__width-inherit elementor-widget elementor-widget-text-editor\" data-id=\"0cb4869\" data-element_type=\"widget\" data-widget_type=\"text-editor.default\">\n\t\t\t\t<div class=\"elementor-widget-container\">\n\t\t\t\t\t\t\t<\/span>\n<p style=\"text-align: left;\">&#8230; damit die\u00a0Verbindung\u00a0auch in Deinem Leben einen Unterschied macht!<\/span>\n<p style=\"text-align: center;\"><strong>Sch\u00f6n, dass du da bist!!!<\/strong><\/p>\t\t\t\t\t\t<\/div>\n\t\t\t\t<\/div>\n\t\t\t\t<\/div>\n\t\t<div class=\"elementor-element elementor-element-4fa65dce e-con-full e-flex e-con e-child\" data-id=\"4fa65dce\" data-element_type=\"container\" data-settings=\"{&quot;background_background&quot;:&quot;classic&quot;}\">\n\t\t\t\t<\/div>\n\t\t\t\t<\/div>\n\t\t<div class=\"elementor-element elementor-element-64f34fa e-flex e-con-boxed e-con e-parent\" data-id=\"64f34fa\" data-element_type=\"container\">\n\t\t\t\t\t<div class=\"e-con-inner\">\n\t\t\t\t<div class=\"elementor-element elementor-element-b389079 elementor-widget elementor-widget-image\" data-id=\"b389079\" data-element_type=\"widget\" data-widget_type=\"image.default\">\n\t\t\t\t<div class=\"elementor-widget-container\">\n\t\t\t\t\t\t\t\t\t\t\t\t\t<img fetchpriority=\"high\" decoding=\"async\" width=\"768\" height=\"94\" src=\"https:\/\/verena-guenther.de\/wp-content\/uploads\/2024\/04\/Kreise_aneinander-768x94.png\" class=\"attachment-medium_large size-medium_large wp-image-283\" alt=\"\" srcset=\"https:\/\/verena-guenther.de\/wp-content\/uploads\/2024\/04\/Kreise_aneinander-768x94.png 768w, https:\/\/verena-guenther.de\/wp-content\/uploads\/2024\/04\/Kreise_aneinander-300x37.png 300w, https:\/\/verena-guenther.de\/wp-content\/uploads\/2024\/04\/Kreise_aneinander.png 906w\" sizes=\"(max-width: 768px) 100vw, 768px\" \/>\t\t\t\t\t\t\t\t\t\t\t\t\t<\/div>\n\t\t\t\t<\/div>\n\t\t\t\t<div class=\"elementor-element elementor-element-cc1ff98 elementor-widget elementor-widget-spacer\" data-id=\"cc1ff98\" data-element_type=\"widget\" data-widget_type=\"spacer.default\">\n\t\t\t\t<div class=\"elementor-widget-container\">\n\t\t\t<style>\/*! elementor - v3.22.0 - 26-06-2024 *\/\n.elementor-column .elementor-spacer-inner{height:var(--spacer-size)}.e-con{--container-widget-width:100%}.e-con-inner>.elementor-widget-spacer,.e-con>.elementor-widget-spacer{width:var(--container-widget-width,var(--spacer-size));--align-self:var(--container-widget-align-self,initial);--flex-shrink:0}.e-con-inner>.elementor-widget-spacer>.elementor-widget-container,.e-con>.elementor-widget-spacer>.elementor-widget-container{height:100%;width:100%}.e-con-inner>.elementor-widget-spacer>.elementor-widget-container>.elementor-spacer,.e-con>.elementor-widget-spacer>.elementor-widget-container>.elementor-spacer{height:100%}.e-con-inner>.elementor-widget-spacer>.elementor-widget-container>.elementor-spacer>.elementor-spacer-inner,.e-con>.elementor-widget-spacer>.elementor-widget-container>.elementor-spacer>.elementor-spacer-inner{height:var(--container-widget-height,var(--spacer-size))}.e-con-inner>.elementor-widget-spacer.elementor-widget-empty,.e-con>.elementor-widget-spacer.elementor-widget-empty{position:relative;min-height:22px;min-width:22px}.e-con-inner>.elementor-widget-spacer.elementor-widget-empty .elementor-widget-empty-icon,.e-con>.elementor-widget-spacer.elementor-widget-empty .elementor-widget-empty-icon{position:absolute;top:0;bottom:0;left:0;right:0;margin:auto;padding:0;width:22px;height:22px}<\/style>\t\t<div class=\"elementor-spacer\">\n\t\t\t<div class=\"elementor-spacer-inner\"><\/div>\n\t\t<\/div>\n\t\t\t\t<\/div>\n\t\t\t\t<\/div>\n\t\t\t\t\t<\/div>\n\t\t\t\t<\/div>\n\t\t\t\t<\/div>\n\t\t","protected":false},"excerpt":{"rendered":"<p>IchInVerbindung Verbindung macht den Unterschied im Leben. Verbindung zu mir. Verbindung zu dir. Verbindung zum Leben.&nbsp; Kennst du das? Du nimmst dir vor, ruhig zu bleiben \u2013 und merkst pl\u00f6tzlich, wie deine Stimme lauter wird. Du wei\u00dft, dass dein Kind gerade etwas braucht \u2013 und bist trotzdem innerlich am Limit. Du versuchst alle und alles [&hellip;]<\/p>\n","protected":false},"author":1,"featured_media":184,"parent":0,"menu_order":0,"comment_status":"closed","ping_status":"closed","template":"elementor_header_footer","meta":{"footnotes":""},"class_list":["post-140","page","type-page","status-publish","has-post-thumbnail","hentry"],"_links":{"self":[{"href":"https:\/\/verena-guenther.de\/index.php?rest_route=\/wp\/v2\/pages\/140","targetHints":{"allow":["GET"]}}],"collection":[{"href":"https:\/\/verena-guenther.de\/index.php?rest_route=\/wp\/v2\/pages"}],"about":[{"href":"https:\/\/verena-guenther.de\/index.php?rest_route=\/wp\/v2\/types\/page"}],"author":[{"embeddable":true,"href":"https:\/\/verena-guenther.de\/index.php?rest_route=\/wp\/v2\/users\/1"}],"replies":[{"embeddable":true,"href":"https:\/\/verena-guenther.de\/index.php?rest_route=%2Fwp%2Fv2%2Fcomments&post=140"}],"version-history":[{"count":292,"href":"https:\/\/verena-guenther.de\/index.php?rest_route=\/wp\/v2\/pages\/140\/revisions"}],"predecessor-version":[{"id":875,"href":"https:\/\/verena-guenther.de\/index.php?rest_route=\/wp\/v2\/pages\/140\/revisions\/875"}],"wp:featuredmedia":[{"embeddable":true,"href":"https:\/\/verena-guenther.de\/index.php?rest_route=\/wp\/v2\/media\/184"}],"wp:attachment":[{"href":"https:\/\/verena-guenther.de\/index.php?rest_route=%2Fwp%2Fv2%2Fmedia&parent=140"}],"curies":[{"name":"wp","href":"https:\/\/api.w.org\/{rel}","templated":true}]}}